{"id":2,"date":"2025-10-29T15:39:07","date_gmt":"2025-10-29T14:39:07","guid":{"rendered":"http:\/\/eazyoffice.eu\/?page_id=2"},"modified":"2026-02-11T15:19:37","modified_gmt":"2026-02-11T14:19:37","slug":"landing-page","status":"publish","type":"page","link":"https:\/\/eazyoffice.eu\/","title":{"rendered":"Landing Page"},"content":{"rendered":"<div class=\"wpb-content-wrapper\"><p>[vc_row][vc_column][vc_single_image image=&#8221;19&#8243; img_size=&#8221;250&#215;300&#8243; alignment=&#8221;center&#8221; css=&#8221;.vc_custom_1761915785304{padding-top: 32px !important;padding-bottom: 32px !important;}&#8221;][vc_column_text css=&#8221;&#8221;]<\/p>\n<h2 style=\"text-align: center;\">Willkommen bei Eazy!<\/h2>\n<h3 style=\"text-align: center;\">Organisation war noch nie so einfach.<\/h3>\n<p style=\"text-align: center;\">Eazy ist eine Marke, die die t\u00e4gliche Organisation vereinfacht. Wir produzieren und verkaufen Ordner in verschiedenen Farben, die benutzerfreundlich, langlebig und f\u00fcr jedes Budget erschwinglich sind.<\/p>\n<h3 style=\"text-align: center;\">Mit Eazy wird Organisation zum Kinderspiel \u2013 einfach die Lieblingsfarbe w\u00e4hlen und los geht&#8217;s!<\/h3>\n<p>[\/vc_column_text][\/vc_column][\/vc_row][vc_row][vc_column][vc_single_image image=&#8221;15&#8243; img_size=&#8221;full&#8221; alignment=&#8221;center&#8221; css=&#8221;&#8221;][\/vc_column][\/vc_row][vc_row css=&#8221;.vc_custom_1761820522596{padding-top: 32px !important;padding-bottom: 32px !important;}&#8221;][vc_column][vc_column_text css=&#8221;&#8221;]<\/p>\n<h2 style=\"text-align: center;\">Eazy Ordner<\/h2>\n<p>[\/vc_column_text][vc_column_text css=&#8221;&#8221;]<\/p>\n<h3 style=\"text-align: center;\">Stabiler A4-Ordner mit FSC-zertifiziertem Kartonumschlag \u2013 ideal f\u00fcr Dokumente, Rechnungen oder Vertr\u00e4ge.<br \/>\n<!-- notionvc: 87673a38-2b08-41c4-b742-484ba52ad6a8 --><\/h3>\n<p>[\/vc_column_text][\/vc_column][\/vc_row][vc_row content_placement=&#8221;middle&#8221;][vc_column width=&#8221;1\/2&#8243;][vc_single_image image=&#8221;60&#8243; img_size=&#8221;full&#8221; alignment=&#8221;center&#8221; css=&#8221;&#8221;][\/vc_column][vc_column width=&#8221;1\/2&#8243;][vc_single_image image=&#8221;46&#8243; img_size=&#8221;full&#8221; alignment=&#8221;center&#8221; css=&#8221;&#8221;][\/vc_column][\/vc_row][vc_row content_placement=&#8221;middle&#8221; css=&#8221;.vc_custom_1761898315675{padding-top: 64px !important;padding-bottom: 0px !important;}&#8221;][vc_column][vc_column_text css=&#8221;&#8221;]<\/p>\n<h3 style=\"text-align: center;\">Der Eazy Hebelordner mit einer R\u00fcckenbreite von 7 cm oder 5 cm und einem praktischen Beschriftungsschild ist die perfekte Wahl f\u00fcr alle, die<br \/>\nOrdnung, minimalistisches Design und Qualit\u00e4t sch\u00e4tzen.<\/h3>\n<p>[\/vc_column_text][\/vc_column][\/vc_row][vc_row content_placement=&#8221;middle&#8221; content_text_aligment=&#8221;center&#8221; css=&#8221;.vc_custom_1761898063692{padding-top: 64px !important;padding-bottom: 32px !important;}&#8221;][vc_column]<a itemprop=\"url\" href=\"https:\/\/www.amazon.de\/dp\/B0FY3JNNQV\" target=\"_blank\" style=\"color: #ffffff;background-color: #ef7900;border-color: #ef7900;font-size: 24px;font-weight: 900;margin: 16;padding: 64\" class=\"qodef-btn qodef-btn-huge qodef-btn-solid qodef-btn-custom-hover-bg qodef-btn-custom-border-hover qodef-btn-custom-hover-color qodef-btn-icon button\" data-hover-color=\"#ffffff\" data-hover-bg-color=\"#1d1d1d\" data-hover-border-color=\"#1d1d1d\" >\n    <span class=\"qodef-btn-text\">Bestellen Sie auf Amazon.de<\/span>\n    <i class=\"qodef-icon-font-awesome fa fa-cart-shopping \" ><\/i><\/a>[\/vc_column][\/vc_row][vc_row content_placement=&#8221;middle&#8221;][vc_column][vc_column_text css=&#8221;&#8221;]<\/p>\n<h3 style=\"text-align: center;\"><span class=\"notion-enable-hover\" data-token-index=\"0\">Eazy Ordner \u2013 Einfachheit, Ordnung und Langlebigkeit in einem<\/span><\/h3>\n<p>[\/vc_column_text][vc_column_text css=&#8221;&#8221;]Der Umschlag aus <span class=\"notion-enable-hover\" data-token-index=\"1\">FSC-zertifiziertem Karton<\/span> ist mit <span class=\"notion-enable-hover\" data-token-index=\"3\">einer kratzfesten, feuchtigkeitsabweisenden Oberfl\u00e4che in Leinenstruktur versehen<\/span>. Zusammen mit der <span class=\"notion-enable-hover\" data-token-index=\"5\">robusten Hebelmechanik und der verst\u00e4rkten Kantenschutz <\/span>entsteht eine zuverl\u00e4ssige, langlebige L\u00f6sung f\u00fcr die Aufbewahrung von A4-Dokumenten \u2013 von Vertr\u00e4gen und Rechnungen bis hin zu wichtigen Archivunterlagen. <!-- --> <!-- notionvc: 9b627df7-0730-4182-b3ac-5096dfd4197c --><br \/>\n<!-- notionvc: 87673a38-2b08-41c4-b742-484ba52ad6a8 -->[\/vc_column_text][vc_column_text css=&#8221;&#8221;]Die Produktion erfolgt in der <span class=\"notion-enable-hover\" data-token-index=\"1\">Europ\u00e4ischen Union<\/span> nach strengen Umweltstandards. Der Einsatz von <span class=\"notion-enable-hover\" data-token-index=\"3\">gr\u00fcner Energie<\/span>, <span class=\"notion-enable-hover\" data-token-index=\"5\">FSC-zertifizierten Materialien<\/span> und das <span class=\"notion-enable-hover\" data-token-index=\"7\">Green Dot-Siegel<\/span> best\u00e4tigen unser Engagement f\u00fcr nachhaltige Entwicklung und Ressourcenschonung.<!-- notionvc: 87673a38-2b08-41c4-b742-484ba52ad6a8 -->[\/vc_column_text][\/vc_column][\/vc_row][vc_row content_placement=&#8221;middle&#8221;][vc_column][\/vc_column][\/vc_row][vc_row content_placement=&#8221;middle&#8221;][vc_column width=&#8221;1\/3&#8243;][vc_single_image image=&#8221;51&#8243; img_size=&#8221;full&#8221; alignment=&#8221;center&#8221; css=&#8221;&#8221;][\/vc_column][vc_column width=&#8221;1\/3&#8243;][vc_single_image image=&#8221;52&#8243; img_size=&#8221;full&#8221; alignment=&#8221;center&#8221; css=&#8221;&#8221;][\/vc_column][vc_column width=&#8221;1\/3&#8243;][vc_single_image image=&#8221;53&#8243; img_size=&#8221;full&#8221; alignment=&#8221;center&#8221; css=&#8221;&#8221;][\/vc_column][\/vc_row][vc_row content_placement=&#8221;middle&#8221;][vc_column][vc_column_text css=&#8221;&#8221;]<\/p>\n<h3 style=\"text-align: center;\"><span class=\"notion-enable-hover\" data-token-index=\"0\">Eigenschaften des Eazy Ordners<\/span><\/h3>\n<p>[\/vc_column_text][vc_column_text css=&#8221;&#8221;]<\/p>\n<ul>\n<li>20 Farben zur Auswahl \u2013 perfekt f\u00fcr individuelles Farbmanagement im B\u00fcro<\/li>\n<li>Kratzer- und feuchtigkeitsbest\u00e4ndige Leinenstruktur-Oberfl\u00e4che<\/li>\n<li>Innenausstattung aus Recyclingpapier mit <span class=\"notion-enable-hover\" data-token-index=\"2\">Blauer Engel-Zertifikat<\/span><\/li>\n<li>Beidseitiges Beschriftungsschild f\u00fcr einfache Organisation<\/li>\n<li>Langlebige Hebelmechanik, flach vernietete Befestigung<\/li>\n<li>Kantenschutz f\u00fcr zus\u00e4tzliche Stabilit\u00e4t<\/li>\n<li>Praktische Griffloch\u00f6ffnung f\u00fcr leichtes Herausnehmen aus dem Rega<\/li>\n<li><span class=\"notion-enable-hover\" data-token-index=\"4\">3 Jahre Garantie<\/span> auf Qualit\u00e4t und Haltbarkeit<\/li>\n<li>Produziert in der EU mit 100 % <span class=\"notion-enable-hover\" data-token-index=\"6\">gr\u00fcner Energie<\/span><!-- notionvc: 620a0516-2284-4390-91df-6f0d67a3e129 --><\/li>\n<\/ul>\n<p>[\/vc_column_text][\/vc_column][\/vc_row][vc_row content_placement=&#8221;middle&#8221;][vc_column][vc_column_text css=&#8221;&#8221;]<\/p>\n<h3 style=\"text-align: center;\"><span class=\"notion-enable-hover\" data-token-index=\"0\">Fazit<\/span><!-- --> <!-- notionvc: f570ff2a-4647-45b4-8b0c-14c95779654d --><\/h3>\n<p>[\/vc_column_text][vc_column_text css=&#8221;&#8221;]Mit dem Eazy Hebelordner entscheiden Sie sich f\u00fcr ein Produkt, das Funktionalit\u00e4t, \u00c4sthetik und Umweltbewusstsein vereint. Ein einfacher, langlebiger und nachhaltiger Ordner \u2013 ideal f\u00fcr B\u00fcro, Homeoffice oder Zuhause, um Ihre Unterlagen stilvoll und geordnet aufzubewahren.<br \/>\n<!-- notionvc: 87673a38-2b08-41c4-b742-484ba52ad6a8 -->[\/vc_column_text][\/vc_column][\/vc_row][vc_row content_placement=&#8221;middle&#8221; content_text_aligment=&#8221;center&#8221; css=&#8221;.vc_custom_1761898063692{padding-top: 64px !important;padding-bottom: 32px !important;}&#8221;][vc_column]<a itemprop=\"url\" href=\"https:\/\/www.amazon.de\/dp\/B0FY3JNNQV\" target=\"_blank\" style=\"color: #ffffff;background-color: #ef7900;border-color: #ef7900;font-size: 24px;font-weight: 900;margin: 16;padding: 64\" class=\"qodef-btn qodef-btn-huge qodef-btn-solid qodef-btn-custom-hover-bg qodef-btn-custom-border-hover qodef-btn-custom-hover-color qodef-btn-icon button\" data-hover-color=\"#ffffff\" data-hover-bg-color=\"#1d1d1d\" data-hover-border-color=\"#1d1d1d\" >\n    <span class=\"qodef-btn-text\">Bestellen Sie auf Amazon.de<\/span>\n    <i class=\"qodef-icon-font-awesome fa fa-cart-shopping \" ><\/i><\/a>[\/vc_column][\/vc_row][vc_row][vc_column][\/vc_column][\/vc_row][vc_row css=&#8221;.vc_custom_1761820522596{padding-top: 32px !important;padding-bottom: 32px !important;}&#8221;][vc_column][vc_column_text css=&#8221;&#8221;]<\/p>\n<h2 style=\"text-align: center;\">Kontaktieren Sie uns<\/h2>\n<p>[\/vc_column_text][\/vc_column][\/vc_row][vc_row][vc_column]\n<div class=\"wpcf7 no-js\" id=\"wpcf7-f8-o1\" lang=\"pl-PL\" dir=\"ltr\" data-wpcf7-id=\"8\">\n<div class=\"screen-reader-response\"><p role=\"status\" aria-live=\"polite\" aria-atomic=\"true\"><\/p> <ul><\/ul><\/div>\n<form action=\"\/index.php?rest_route=%2Fwp%2Fv2%2Fpages%2F2#wpcf7-f8-o1\" method=\"post\" class=\"wpcf7-form init cf7_custom_style_1\" aria-label=\"Formularz kontaktowy\" novalidate=\"novalidate\" data-status=\"init\">\n<fieldset class=\"hidden-fields-container\"><input type=\"hidden\" name=\"_wpcf7\" value=\"8\" \/><input type=\"hidden\" name=\"_wpcf7_version\" value=\"6.1.3\" \/><input type=\"hidden\" name=\"_wpcf7_locale\" value=\"pl_PL\" \/><input type=\"hidden\" name=\"_wpcf7_unit_tag\" value=\"wpcf7-f8-o1\" \/><input type=\"hidden\" name=\"_wpcf7_container_post\" value=\"0\" \/><input type=\"hidden\" name=\"_wpcf7_posted_data_hash\" value=\"\" \/>\n<\/fieldset>\n<p><label> Ihr Name<br \/>\n<span class=\"wpcf7-form-control-wrap\" data-name=\"your-name\"><input size=\"40\" maxlength=\"400\" class=\"wpcf7-form-control wpcf7-text wpcf7-validates-as-required\" autocomplete=\"name\" aria-required=\"true\" aria-invalid=\"false\" value=\"\" type=\"text\" name=\"your-name\" \/><\/span> <\/label>\n<\/p>\n<p><label> Ihre E-Mail<br \/>\n<span class=\"wpcf7-form-control-wrap\" data-name=\"your-email\"><input size=\"40\" maxlength=\"400\" class=\"wpcf7-form-control wpcf7-email wpcf7-validates-as-required wpcf7-text wpcf7-validates-as-email\" autocomplete=\"email\" aria-required=\"true\" aria-invalid=\"false\" value=\"\" type=\"email\" name=\"your-email\" \/><\/span> <\/label>\n<\/p>\n<p><label> Titel<br \/>\n<span class=\"wpcf7-form-control-wrap\" data-name=\"your-subject\"><input size=\"40\" maxlength=\"400\" class=\"wpcf7-form-control wpcf7-text wpcf7-validates-as-required\" aria-required=\"true\" aria-invalid=\"false\" value=\"\" type=\"text\" name=\"your-subject\" \/><\/span> <\/label>\n<\/p>\n<p><label> Nachricht<br \/>\n<span class=\"wpcf7-form-control-wrap\" data-name=\"your-message\"><textarea cols=\"40\" rows=\"10\" maxlength=\"2000\" class=\"wpcf7-form-control wpcf7-textarea wpcf7-validates-as-required\" aria-required=\"true\" aria-invalid=\"false\" name=\"your-message\"><\/textarea><\/span> <\/label>\n<\/p>\n<p><input class=\"wpcf7-form-control wpcf7-submit has-spinner\" type=\"submit\" value=\"Nachricht senden\" \/>\n<\/p><div class=\"wpcf7-response-output\" aria-hidden=\"true\"><\/div>\n<\/form>\n<\/div>\n[\/vc_column][\/vc_row][vc_row css=&#8221;.vc_custom_1761822290547{padding-top: 64px !important;padding-bottom: 64px !important;}&#8221;][vc_column][vc_single_image image=&#8221;24&#8243; img_size=&#8221;500&#215;100&#8243; alignment=&#8221;center&#8221; css=&#8221;&#8221;][\/vc_column][\/vc_row][vc_row disable_element=&#8221;yes&#8221; css=&#8221;.vc_custom_1770819576003{margin-top: 16px !important;margin-bottom: 16px !important;}&#8221;][vc_column][vc_column_text css=&#8221;&#8221;]<\/p>\n<div class=\"elementor-element elementor-element-10344a4 elementor-widget elementor-widget-heading\" data-id=\"10344a4\" data-element_type=\"widget\" data-widget_type=\"heading.default\">\n<div class=\"elementor-widget-container\">\n<div class=\"elementor-element elementor-element-10344a4 elementor-widget elementor-widget-heading\" data-id=\"10344a4\" data-element_type=\"widget\" data-widget_type=\"heading.default\">\n<div class=\"elementor-widget-container\">\n<h2 class=\"elementor-heading-title elementor-size-default\" style=\"text-align: center;\">Der Inhaber der Marke Eazy ist<\/h2>\n<\/div>\n<\/div>\n<h3 class=\"elementor-heading-title elementor-size-default\" style=\"text-align: center;\">SmartPack Sp. z o.o.\u200b<\/h3>\n<\/div>\n<\/div>\n<div class=\"elementor-element elementor-element-9bc33c4 elementor-icon-list--layout-traditional elementor-list-item-link-full_width elementor-widget elementor-widget-icon-list\" data-id=\"9bc33c4\" data-element_type=\"widget\" data-widget_type=\"icon-list.default\">\n<div class=\"elementor-widget-container\">\n<p style=\"text-align: center;\"><i class=\"dlicon business_factory\" aria-hidden=\"true\"><\/i><span class=\"elementor-icon-list-text\">ul. Celulozy 19<br \/>\n26-670 Pionki<br \/>\nPoland<\/span><\/p>\n<\/div>\n<\/div>\n<p>[\/vc_column_text][\/vc_column][\/vc_row]<\/p>\n<\/div>","protected":false},"excerpt":{"rendered":"<p>[vc_row][vc_column][vc_single_image image=&#8221;19&#8243; img_size=&#8221;250&#215;300&#8243; alignment=&#8221;center&#8221; css=&#8221;.vc_custom_1761915785304{padding-top: 32px !important;padding-bottom: 32px !important;}&#8221;][vc_column_text css=&#8221;&#8221;] Willkommen bei Eazy! Organisation war noch nie so einfach. Eazy ist eine Marke, die die t\u00e4gliche Organisation vereinfacht. Wir produzieren und verkaufen Ordner in verschiedenen Farben, die benutzerfreundlich, langlebig und [&hellip;]<\/p>\n","protected":false},"author":1,"featured_media":0,"parent":0,"menu_order":0,"comment_status":"closed","ping_status":"closed","template":"coming-soon-page.php","meta":{"footnotes":""},"class_list":["post-2","page","type-page","status-publish","hentry"],"_links":{"self":[{"href":"https:\/\/eazyoffice.eu\/index.php?rest_route=\/wp\/v2\/pages\/2","targetHints":{"allow":["GET"]}}],"collection":[{"href":"https:\/\/eazyoffice.eu\/index.php?rest_route=\/wp\/v2\/pages"}],"about":[{"href":"https:\/\/eazyoffice.eu\/index.php?rest_route=\/wp\/v2\/types\/page"}],"author":[{"embeddable":true,"href":"https:\/\/eazyoffice.eu\/index.php?rest_route=\/wp\/v2\/users\/1"}],"replies":[{"embeddable":true,"href":"https:\/\/eazyoffice.eu\/index.php?rest_route=%2Fwp%2Fv2%2Fcomments&post=2"}],"version-history":[{"count":50,"href":"https:\/\/eazyoffice.eu\/index.php?rest_route=\/wp\/v2\/pages\/2\/revisions"}],"predecessor-version":[{"id":74,"href":"https:\/\/eazyoffice.eu\/index.php?rest_route=\/wp\/v2\/pages\/2\/revisions\/74"}],"wp:attachment":[{"href":"https:\/\/eazyoffice.eu\/index.php?rest_route=%2Fwp%2Fv2%2Fmedia&parent=2"}],"curies":[{"name":"wp","href":"https:\/\/api.w.org\/{rel}","templated":true}]}}